{"id":40,"date":"2025-02-07T16:24:07","date_gmt":"2025-02-07T16:24:07","guid":{"rendered":"https:\/\/artbypirjos.fi\/index.php\/home\/"},"modified":"2025-04-03T12:37:27","modified_gmt":"2025-04-03T12:37:27","slug":"home","status":"publish","type":"page","link":"https:\/\/artbypirjos.fi\/","title":{"rendered":"Home"},"content":{"rendered":"\t\t<div data-elementor-type=\"wp-page\" data-elementor-id=\"40\" class=\"elementor elementor-40\">\n\t\t\t\t<div class=\"elementor-element elementor-element-7426c920 e-flex e-con-boxed e-con e-parent\" data-id=\"7426c920\" data-element_type=\"container\" data-e-type=\"container\" data-settings=\"{&quot;background_background&quot;:&quot;classic&quot;}\">\n\t\t\t\t\t<div class=\"e-con-inner\">\n\t\t<div class=\"elementor-element elementor-element-dba2a09 e-con-full e-flex e-con e-child\" data-id=\"dba2a09\" data-element_type=\"container\" data-e-type=\"container\">\n\t\t\t\t<div class=\"elementor-element elementor-element-732ec76 elementor-widget elementor-widget-image\" data-id=\"732ec76\" data-element_type=\"widget\" data-e-type=\"widget\" data-widget_type=\"image.default\">\n\t\t\t\t<div class=\"elementor-widget-container\">\n\t\t\t\t\t\t\t\t\t\t\t\t\t\t\t<img fetchpriority=\"high\" decoding=\"async\" width=\"300\" height=\"300\" src=\"https:\/\/artbypirjos.fi\/wp-content\/uploads\/2025\/02\/LOGO_ArtByPS_30cmx30cm-300x300.jpg\" class=\"attachment-medium size-medium wp-image-11\" alt=\"\" srcset=\"https:\/\/artbypirjos.fi\/wp-content\/uploads\/2025\/02\/LOGO_ArtByPS_30cmx30cm-300x300.jpg 300w, https:\/\/artbypirjos.fi\/wp-content\/uploads\/2025\/02\/LOGO_ArtByPS_30cmx30cm-1024x1024.jpg 1024w, https:\/\/artbypirjos.fi\/wp-content\/uploads\/2025\/02\/LOGO_ArtByPS_30cmx30cm-150x150.jpg 150w, https:\/\/artbypirjos.fi\/wp-content\/uploads\/2025\/02\/LOGO_ArtByPS_30cmx30cm-768x768.jpg 768w, https:\/\/artbypirjos.fi\/wp-content\/uploads\/2025\/02\/LOGO_ArtByPS_30cmx30cm-1536x1536.jpg 1536w, https:\/\/artbypirjos.fi\/wp-content\/uploads\/2025\/02\/LOGO_ArtByPS_30cmx30cm-2048x2048.jpg 2048w\" sizes=\"(max-width: 300px) 100vw, 300px\" \/>\t\t\t\t\t\t\t\t\t\t\t\t\t\t\t<\/div>\n\t\t\t\t<\/div>\n\t\t\t\t<\/div>\n\t\t\t\t<div class=\"elementor-element elementor-element-4a0fd027 elementor-widget elementor-widget-heading\" data-id=\"4a0fd027\" data-element_type=\"widget\" data-e-type=\"widget\" data-widget_type=\"heading.default\">\n\t\t\t\t<div class=\"elementor-widget-container\">\n\t\t\t\t\t<h1 class=\"elementor-heading-title elementor-size-default\">Verkkotaiden\u00e4yttely tulossa!<\/h1>\t\t\t\t<\/div>\n\t\t\t\t<\/div>\n\t\t\t\t<div class=\"elementor-element elementor-element-505bff5e elementor-widget elementor-widget-heading\" data-id=\"505bff5e\" data-element_type=\"widget\" data-e-type=\"widget\" data-widget_type=\"heading.default\">\n\t\t\t\t<div class=\"elementor-widget-container\">\n\t\t\t\t\t<h5 class=\"elementor-heading-title elementor-size-default\">Sivusto on ty\u00f6n alla. Julkaistaan 2027.<\/h5>\t\t\t\t<\/div>\n\t\t\t\t<\/div>\n\t\t\t\t<div class=\"elementor-element elementor-element-5f13736 elementor-widget elementor-widget-heading\" data-id=\"5f13736\" data-element_type=\"widget\" data-e-type=\"widget\" data-widget_type=\"heading.default\">\n\t\t\t\t<div class=\"elementor-widget-container\">\n\t\t\t\t\t<h5 class=\"elementor-heading-title elementor-size-default\"><a href=\"https:\/\/www.pirjosaarela.fi\">Sit\u00e4 odotellessa, kurkkaa digitaalinen portfolioni www.pirjosaarela.fi<\/a><\/h5>\t\t\t\t<\/div>\n\t\t\t\t<\/div>\n\t\t\t\t\t<\/div>\n\t\t\t\t<\/div>\n\t\t<div class=\"elementor-element elementor-element-3034535b e-con-full e-flex e-con e-parent\" data-id=\"3034535b\" data-element_type=\"container\" data-e-type=\"container\">\n\t\t<div class=\"elementor-element elementor-element-6a263b30 e-con-full e-flex e-con e-child\" data-id=\"6a263b30\" data-element_type=\"container\" data-e-type=\"container\">\n\t\t\t\t<div class=\"elementor-element elementor-element-39b4cc8f elementor-widget elementor-widget-heading\" data-id=\"39b4cc8f\" data-element_type=\"widget\" data-e-type=\"widget\" data-widget_type=\"heading.default\">\n\t\t\t\t<div class=\"elementor-widget-container\">\n\t\t\t\t\t<h2 class=\"elementor-heading-title elementor-size-default\">Pirjo Saarela<\/h2>\t\t\t\t<\/div>\n\t\t\t\t<\/div>\n\t\t\t\t<div class=\"elementor-element elementor-element-2ef045f7 elementor-widget elementor-widget-heading\" data-id=\"2ef045f7\" data-element_type=\"widget\" data-e-type=\"widget\" data-widget_type=\"heading.default\">\n\t\t\t\t<div class=\"elementor-widget-container\">\n\t\t\t\t\t<h5 class=\"elementor-heading-title elementor-size-default\">kuvataiteilija<\/h5>\t\t\t\t<\/div>\n\t\t\t\t<\/div>\n\t\t\t\t<\/div>\n\t\t<div class=\"elementor-element elementor-element-5b47e6ab e-con-full e-flex e-con e-child\" data-id=\"5b47e6ab\" data-element_type=\"container\" data-e-type=\"container\">\n\t\t\t\t<div class=\"elementor-element elementor-element-3f9683f3 elementor-widget elementor-widget-image\" data-id=\"3f9683f3\" data-element_type=\"widget\" data-e-type=\"widget\" data-widget_type=\"image.default\">\n\t\t\t\t<div class=\"elementor-widget-container\">\n\t\t\t\t\t\t\t\t\t\t\t\t\t\t\t<img decoding=\"async\" width=\"2362\" height=\"1575\" src=\"https:\/\/artbypirjos.fi\/wp-content\/uploads\/2025\/02\/Pirjo3_Rannalla_1200x800_MV.jpg\" class=\"attachment-full size-full wp-image-69\" alt=\"\" srcset=\"https:\/\/artbypirjos.fi\/wp-content\/uploads\/2025\/02\/Pirjo3_Rannalla_1200x800_MV.jpg 2362w, https:\/\/artbypirjos.fi\/wp-content\/uploads\/2025\/02\/Pirjo3_Rannalla_1200x800_MV-300x200.jpg 300w, https:\/\/artbypirjos.fi\/wp-content\/uploads\/2025\/02\/Pirjo3_Rannalla_1200x800_MV-1024x683.jpg 1024w, https:\/\/artbypirjos.fi\/wp-content\/uploads\/2025\/02\/Pirjo3_Rannalla_1200x800_MV-768x512.jpg 768w, https:\/\/artbypirjos.fi\/wp-content\/uploads\/2025\/02\/Pirjo3_Rannalla_1200x800_MV-1536x1024.jpg 1536w, https:\/\/artbypirjos.fi\/wp-content\/uploads\/2025\/02\/Pirjo3_Rannalla_1200x800_MV-2048x1366.jpg 2048w\" sizes=\"(max-width: 2362px) 100vw, 2362px\" \/>\t\t\t\t\t\t\t\t\t\t\t\t\t\t\t<\/div>\n\t\t\t\t<\/div>\n\t\t\t\t<\/div>\n\t\t\t\t<\/div>\n\t\t\t\t<\/div>\n\t\t","protected":false},"excerpt":{"rendered":"<p>Verkkotaiden\u00e4yttely tulossa! Sivusto on ty\u00f6n alla. Julkaistaan 2027. Sit\u00e4 odotellessa, kurkkaa digitaalinen portfolioni www.pirjosaarela.fi Pirjo Saarela kuvataiteilija<\/p>\n","protected":false},"author":1,"featured_media":0,"parent":0,"menu_order":0,"comment_status":"closed","ping_status":"closed","template":"elementor_header_footer","meta":{"footnotes":""},"class_list":["post-40","page","type-page","status-publish","hentry"],"_links":{"self":[{"href":"https:\/\/artbypirjos.fi\/index.php\/wp-json\/wp\/v2\/pages\/40","targetHints":{"allow":["GET"]}}],"collection":[{"href":"https:\/\/artbypirjos.fi\/index.php\/wp-json\/wp\/v2\/pages"}],"about":[{"href":"https:\/\/artbypirjos.fi\/index.php\/wp-json\/wp\/v2\/types\/page"}],"author":[{"embeddable":true,"href":"https:\/\/artbypirjos.fi\/index.php\/wp-json\/wp\/v2\/users\/1"}],"replies":[{"embeddable":true,"href":"https:\/\/artbypirjos.fi\/index.php\/wp-json\/wp\/v2\/comments?post=40"}],"version-history":[{"count":19,"href":"https:\/\/artbypirjos.fi\/index.php\/wp-json\/wp\/v2\/pages\/40\/revisions"}],"predecessor-version":[{"id":80,"href":"https:\/\/artbypirjos.fi\/index.php\/wp-json\/wp\/v2\/pages\/40\/revisions\/80"}],"wp:attachment":[{"href":"https:\/\/artbypirjos.fi\/index.php\/wp-json\/wp\/v2\/media?parent=40"}],"curies":[{"name":"wp","href":"https:\/\/api.w.org\/{rel}","templated":true}]}}